{"id":865,"date":"2025-03-08T00:41:31","date_gmt":"2025-03-08T05:41:31","guid":{"rendered":"https:\/\/pardalisdigital.com\/?page_id=865"},"modified":"2025-03-08T00:43:26","modified_gmt":"2025-03-08T05:43:26","slug":"terminos-y-condiciones","status":"publish","type":"page","link":"https:\/\/pardalisdigital.com\/index.php\/terminos-y-condiciones\/","title":{"rendered":"T\u00e9rminos y condiciones"},"content":{"rendered":"\t\t<div data-elementor-type=\"wp-page\" data-elementor-id=\"865\" class=\"elementor elementor-865\" data-elementor-post-type=\"page\">\n\t\t\t\t<div class=\"elementor-element elementor-element-4845f99 e-flex e-con-boxed e-con e-parent\" data-id=\"4845f99\" data-element_type=\"container\" data-e-type=\"container\" data-settings=\"{&quot;jet_parallax_layout_list&quot;:[]}\">\n\t\t\t\t\t<div class=\"e-con-inner\">\n\t\t\t\t<div class=\"elementor-element elementor-element-10f0aaf elementor-widget elementor-widget-heading\" data-id=\"10f0aaf\" data-element_type=\"widget\" data-e-type=\"widget\" data-widget_type=\"heading.default\">\n\t\t\t\t<div class=\"elementor-widget-container\">\n\t\t\t\t\t<h2 class=\"elementor-heading-title elementor-size-default\">T\u00e9rminos y condiciones<\/h2>\t\t\t\t<\/div>\n\t\t\t\t<\/div>\n\t\t\t\t\t<\/div>\n\t\t\t\t<\/div>\n\t\t<div class=\"elementor-element elementor-element-944b064 e-flex e-con-boxed e-con e-parent\" data-id=\"944b064\" data-element_type=\"container\" data-e-type=\"container\" data-settings=\"{&quot;jet_parallax_layout_list&quot;:[]}\">\n\t\t\t\t\t<div class=\"e-con-inner\">\n\t\t\t\t<div class=\"elementor-element elementor-element-af86881 elementor-widget elementor-widget-text-editor\" data-id=\"af86881\" data-element_type=\"widget\" data-e-type=\"widget\" data-widget_type=\"text-editor.default\">\n\t\t\t\t<div class=\"elementor-widget-container\">\n\t\t\t\t\t\t\t\t\t<p data-pm-slice=\"1 1 []\"><strong>1. Introducci\u00f3n<\/strong><br \/>Bienvenido a Pardalis Digital. Estos T\u00e9rminos y Condiciones regulan el uso de nuestro sitio web y los servicios que ofrecemos, incluyendo el desarrollo de Landing Pages, Websites, Tiendas Virtuales, Optimizaci\u00f3n Web y Administraci\u00f3n Web. Al contratar nuestros servicios, aceptas estos t\u00e9rminos en su totalidad.<\/p><p><strong>2. Servicios<\/strong><br \/>Nuestros servicios incluyen dise\u00f1o y desarrollo web, optimizaci\u00f3n de sitios y administraci\u00f3n web. Nos reservamos el derecho de modificar o descontinuar cualquier servicio en cualquier momento sin previo aviso.<\/p><p><strong>3. Responsabilidades del Cliente<\/strong><br \/>El cliente debe proporcionar informaci\u00f3n clara y precisa para el desarrollo del proyecto. Pardalis Digital no es responsable por demoras causadas por falta de informaci\u00f3n o retroalimentaci\u00f3n del cliente.<\/p><p><strong>4. Propiedad Intelectual<\/strong><br \/>Todos los dise\u00f1os y desarrollos realizados por Pardalis Digital son propiedad de la empresa hasta que se realice el pago completo.<\/p><p><strong>5. Pagos y Reembolsos<\/strong><br \/>El cliente debe realizar los pagos seg\u00fan lo acordado. No se realizar\u00e1n reembolsos una vez iniciado el desarrollo del proyecto.<\/p><p><strong>6. Modificaciones y Soporte<\/strong><br \/>Cualquier cambio adicional solicitado despu\u00e9s de la entrega final del proyecto podr\u00eda generar costos adicionales. El soporte se brindar\u00e1 seg\u00fan el plan contratado.<\/p><p><strong>7. Legislaci\u00f3n Aplicable<\/strong><br \/>Estos t\u00e9rminos se rigen por las leyes de Colombia.<\/p>\t\t\t\t\t\t\t\t<\/div>\n\t\t\t\t<\/div>\n\t\t\t\t\t<\/div>\n\t\t\t\t<\/div>\n\t\t\t\t<\/div>\n\t\t","protected":false},"excerpt":{"rendered":"<p>T\u00e9rminos y condiciones 1. Introducci\u00f3nBienvenido a Pardalis Digital. Estos T\u00e9rminos y Condiciones regulan el uso de nuestro sitio web y los servicios que ofrecemos, incluyendo el desarrollo de Landing Pages, Websites, Tiendas Virtuales, Optimizaci\u00f3n Web y Administraci\u00f3n Web. Al contratar nuestros servicios, aceptas estos t\u00e9rminos en su totalidad. 2. ServiciosNuestros servicios incluyen dise\u00f1o y desarrollo [&hellip;]<\/p>\n","protected":false},"author":1,"featured_media":0,"parent":0,"menu_order":0,"comment_status":"closed","ping_status":"closed","template":"elementor_header_footer","meta":{"footnotes":""},"class_list":["post-865","page","type-page","status-publish","hentry"],"_links":{"self":[{"href":"https:\/\/pardalisdigital.com\/index.php\/wp-json\/wp\/v2\/pages\/865","targetHints":{"allow":["GET"]}}],"collection":[{"href":"https:\/\/pardalisdigital.com\/index.php\/wp-json\/wp\/v2\/pages"}],"about":[{"href":"https:\/\/pardalisdigital.com\/index.php\/wp-json\/wp\/v2\/types\/page"}],"author":[{"embeddable":true,"href":"https:\/\/pardalisdigital.com\/index.php\/wp-json\/wp\/v2\/users\/1"}],"replies":[{"embeddable":true,"href":"https:\/\/pardalisdigital.com\/index.php\/wp-json\/wp\/v2\/comments?post=865"}],"version-history":[{"count":4,"href":"https:\/\/pardalisdigital.com\/index.php\/wp-json\/wp\/v2\/pages\/865\/revisions"}],"predecessor-version":[{"id":870,"href":"https:\/\/pardalisdigital.com\/index.php\/wp-json\/wp\/v2\/pages\/865\/revisions\/870"}],"wp:attachment":[{"href":"https:\/\/pardalisdigital.com\/index.php\/wp-json\/wp\/v2\/media?parent=865"}],"curies":[{"name":"wp","href":"https:\/\/api.w.org\/{rel}","templated":true}]}}