{"id":871,"date":"2025-03-08T00:43:43","date_gmt":"2025-03-08T05:43:43","guid":{"rendered":"https:\/\/pardalisdigital.com\/?page_id=871"},"modified":"2025-03-08T00:45:05","modified_gmt":"2025-03-08T05:45:05","slug":"politica-de-privacidad","status":"publish","type":"page","link":"https:\/\/pardalisdigital.com\/index.php\/politica-de-privacidad\/","title":{"rendered":"Pol\u00edtica de Privacidad"},"content":{"rendered":"\t\t<div data-elementor-type=\"wp-page\" data-elementor-id=\"871\" class=\"elementor elementor-871\" data-elementor-post-type=\"page\">\n\t\t\t\t<div class=\"elementor-element elementor-element-48460ab e-flex e-con-boxed e-con e-parent\" data-id=\"48460ab\" data-element_type=\"container\" data-e-type=\"container\" data-settings=\"{&quot;jet_parallax_layout_list&quot;:[]}\">\n\t\t\t\t\t<div class=\"e-con-inner\">\n\t\t\t\t<div class=\"elementor-element elementor-element-579f4bc elementor-widget elementor-widget-heading\" data-id=\"579f4bc\" data-element_type=\"widget\" data-e-type=\"widget\" data-widget_type=\"heading.default\">\n\t\t\t\t<div class=\"elementor-widget-container\">\n\t\t\t\t\t<h2 class=\"elementor-heading-title elementor-size-default\">Pol\u00edtica de Privacidad<\/h2>\t\t\t\t<\/div>\n\t\t\t\t<\/div>\n\t\t\t\t\t<\/div>\n\t\t\t\t<\/div>\n\t\t<div class=\"elementor-element elementor-element-1b15832 e-flex e-con-boxed e-con e-parent\" data-id=\"1b15832\" data-element_type=\"container\" data-e-type=\"container\" data-settings=\"{&quot;jet_parallax_layout_list&quot;:[]}\">\n\t\t\t\t\t<div class=\"e-con-inner\">\n\t\t\t\t<div class=\"elementor-element elementor-element-635561c elementor-widget elementor-widget-text-editor\" data-id=\"635561c\" data-element_type=\"widget\" data-e-type=\"widget\" data-widget_type=\"text-editor.default\">\n\t\t\t\t<div class=\"elementor-widget-container\">\n\t\t\t\t\t\t\t\t\t<p data-pm-slice=\"1 1 []\"><strong>1. Informaci\u00f3n Recopilada<\/strong><br \/>Recopilamos informaci\u00f3n personal como nombre, correo electr\u00f3nico y datos de contacto cuando el usuario completa formularios en nuestro sitio web.<\/p><p><strong>2. Uso de la Informaci\u00f3n<\/strong><br \/>Los datos se utilizan para la prestaci\u00f3n de nuestros servicios, atenci\u00f3n al cliente y env\u00edo de informaci\u00f3n relevante. No compartimos informaci\u00f3n con terceros sin consentimiento.<\/p><p><strong>3. Seguridad de los Datos<\/strong><br \/>Implementamos medidas de seguridad para proteger la informaci\u00f3n del usuario. Sin embargo, no podemos garantizar seguridad absoluta.<\/p><p><strong>4. Derechos del Usuario<\/strong><br \/>Los usuarios pueden solicitar acceso, rectificaci\u00f3n o eliminaci\u00f3n de sus datos enviando un correo a <a>pardalis@pardalisdigital.com<\/a>.<\/p><p><strong>5. Legislaci\u00f3n Aplicable<\/strong><br \/>Esta pol\u00edtica se rige por la Ley 1581 de 2012 y el Decreto 1377 de 2013 de Colombia.<\/p>\t\t\t\t\t\t\t\t<\/div>\n\t\t\t\t<\/div>\n\t\t\t\t\t<\/div>\n\t\t\t\t<\/div>\n\t\t\t\t<\/div>\n\t\t","protected":false},"excerpt":{"rendered":"<p>Pol\u00edtica de Privacidad 1. Informaci\u00f3n RecopiladaRecopilamos informaci\u00f3n personal como nombre, correo electr\u00f3nico y datos de contacto cuando el usuario completa formularios en nuestro sitio web. 2. Uso de la Informaci\u00f3nLos datos se utilizan para la prestaci\u00f3n de nuestros servicios, atenci\u00f3n al cliente y env\u00edo de informaci\u00f3n relevante. No compartimos informaci\u00f3n con terceros sin consentimiento. 3. [&hellip;]<\/p>\n","protected":false},"author":1,"featured_media":0,"parent":0,"menu_order":0,"comment_status":"closed","ping_status":"closed","template":"elementor_header_footer","meta":{"footnotes":""},"class_list":["post-871","page","type-page","status-publish","hentry"],"_links":{"self":[{"href":"https:\/\/pardalisdigital.com\/index.php\/wp-json\/wp\/v2\/pages\/871","targetHints":{"allow":["GET"]}}],"collection":[{"href":"https:\/\/pardalisdigital.com\/index.php\/wp-json\/wp\/v2\/pages"}],"about":[{"href":"https:\/\/pardalisdigital.com\/index.php\/wp-json\/wp\/v2\/types\/page"}],"author":[{"embeddable":true,"href":"https:\/\/pardalisdigital.com\/index.php\/wp-json\/wp\/v2\/users\/1"}],"replies":[{"embeddable":true,"href":"https:\/\/pardalisdigital.com\/index.php\/wp-json\/wp\/v2\/comments?post=871"}],"version-history":[{"count":4,"href":"https:\/\/pardalisdigital.com\/index.php\/wp-json\/wp\/v2\/pages\/871\/revisions"}],"predecessor-version":[{"id":877,"href":"https:\/\/pardalisdigital.com\/index.php\/wp-json\/wp\/v2\/pages\/871\/revisions\/877"}],"wp:attachment":[{"href":"https:\/\/pardalisdigital.com\/index.php\/wp-json\/wp\/v2\/media?parent=871"}],"curies":[{"name":"wp","href":"https:\/\/api.w.org\/{rel}","templated":true}]}}