{"id":872,"date":"2025-03-08T00:43:56","date_gmt":"2025-03-08T05:43:56","guid":{"rendered":"https:\/\/pardalisdigital.com\/?page_id=872"},"modified":"2025-03-08T00:45:53","modified_gmt":"2025-03-08T05:45:53","slug":"politica-de-cookies","status":"publish","type":"page","link":"https:\/\/pardalisdigital.com\/index.php\/politica-de-cookies\/","title":{"rendered":"Pol\u00edtica de Cookies"},"content":{"rendered":"\t\t<div data-elementor-type=\"wp-page\" data-elementor-id=\"872\" class=\"elementor elementor-872\" data-elementor-post-type=\"page\">\n\t\t\t\t<div class=\"elementor-element elementor-element-8b2440e e-flex e-con-boxed e-con e-parent\" data-id=\"8b2440e\" data-element_type=\"container\" data-e-type=\"container\" data-settings=\"{&quot;jet_parallax_layout_list&quot;:[]}\">\n\t\t\t\t\t<div class=\"e-con-inner\">\n\t\t\t\t<div class=\"elementor-element elementor-element-e13ed76 elementor-widget elementor-widget-heading\" data-id=\"e13ed76\" data-element_type=\"widget\" data-e-type=\"widget\" data-widget_type=\"heading.default\">\n\t\t\t\t<div class=\"elementor-widget-container\">\n\t\t\t\t\t<h2 class=\"elementor-heading-title elementor-size-default\">Pol\u00edtica de Cookies<\/h2>\t\t\t\t<\/div>\n\t\t\t\t<\/div>\n\t\t\t\t\t<\/div>\n\t\t\t\t<\/div>\n\t\t<div class=\"elementor-element elementor-element-11b7417 e-flex e-con-boxed e-con e-parent\" data-id=\"11b7417\" data-element_type=\"container\" data-e-type=\"container\" data-settings=\"{&quot;jet_parallax_layout_list&quot;:[]}\">\n\t\t\t\t\t<div class=\"e-con-inner\">\n\t\t\t\t<div class=\"elementor-element elementor-element-3ef1b9c elementor-widget elementor-widget-text-editor\" data-id=\"3ef1b9c\" data-element_type=\"widget\" data-e-type=\"widget\" data-widget_type=\"text-editor.default\">\n\t\t\t\t<div class=\"elementor-widget-container\">\n\t\t\t\t\t\t\t\t\t<p data-pm-slice=\"1 1 []\"><strong>1. Uso de Cookies<\/strong><br \/>Nuestro sitio web utiliza cookies para mejorar la experiencia del usuario, recopilar estad\u00edsticas y mostrar publicidad personalizada.<\/p><p><strong>2. Tipos de Cookies Utilizadas<\/strong><\/p><ul data-spread=\"false\"><li><p><strong>Cookies Esenciales<\/strong>: Necesarias para el funcionamiento del sitio.<\/p><\/li><li><p><strong>Cookies de Anal\u00edtica<\/strong>: Utilizamos Google Analytics y Meta Pixel para analizar el comportamiento de los usuarios.<\/p><\/li><li><p><strong>Cookies de Publicidad<\/strong>: Ayudan a mostrar anuncios relevantes seg\u00fan la navegaci\u00f3n.<\/p><\/li><\/ul><p><strong>3. Gesti\u00f3n de Cookies<\/strong><br \/>Los usuarios pueden administrar sus preferencias de cookies desde la configuraci\u00f3n de su navegador o rechazarlas en la notificaci\u00f3n emergente del sitio web.<\/p><p><strong>4. Cambios en la Pol\u00edtica de Cookies<\/strong><br \/>Nos reservamos el derecho de modificar esta pol\u00edtica en cualquier momento. Las actualizaciones ser\u00e1n publicadas en esta misma p\u00e1gina.<\/p>\t\t\t\t\t\t\t\t<\/div>\n\t\t\t\t<\/div>\n\t\t\t\t\t<\/div>\n\t\t\t\t<\/div>\n\t\t\t\t<\/div>\n\t\t","protected":false},"excerpt":{"rendered":"<p>Pol\u00edtica de Cookies 1. Uso de CookiesNuestro sitio web utiliza cookies para mejorar la experiencia del usuario, recopilar estad\u00edsticas y mostrar publicidad personalizada. 2. Tipos de Cookies Utilizadas Cookies Esenciales: Necesarias para el funcionamiento del sitio. Cookies de Anal\u00edtica: Utilizamos Google Analytics y Meta Pixel para analizar el comportamiento de los usuarios. Cookies de Publicidad: [&hellip;]<\/p>\n","protected":false},"author":1,"featured_media":0,"parent":0,"menu_order":0,"comment_status":"closed","ping_status":"closed","template":"elementor_header_footer","meta":{"footnotes":""},"class_list":["post-872","page","type-page","status-publish","hentry"],"_links":{"self":[{"href":"https:\/\/pardalisdigital.com\/index.php\/wp-json\/wp\/v2\/pages\/872","targetHints":{"allow":["GET"]}}],"collection":[{"href":"https:\/\/pardalisdigital.com\/index.php\/wp-json\/wp\/v2\/pages"}],"about":[{"href":"https:\/\/pardalisdigital.com\/index.php\/wp-json\/wp\/v2\/types\/page"}],"author":[{"embeddable":true,"href":"https:\/\/pardalisdigital.com\/index.php\/wp-json\/wp\/v2\/users\/1"}],"replies":[{"embeddable":true,"href":"https:\/\/pardalisdigital.com\/index.php\/wp-json\/wp\/v2\/comments?post=872"}],"version-history":[{"count":5,"href":"https:\/\/pardalisdigital.com\/index.php\/wp-json\/wp\/v2\/pages\/872\/revisions"}],"predecessor-version":[{"id":1125,"href":"https:\/\/pardalisdigital.com\/index.php\/wp-json\/wp\/v2\/pages\/872\/revisions\/1125"}],"wp:attachment":[{"href":"https:\/\/pardalisdigital.com\/index.php\/wp-json\/wp\/v2\/media?parent=872"}],"curies":[{"name":"wp","href":"https:\/\/api.w.org\/{rel}","templated":true}]}}